{"id":13,"date":"2025-12-07T20:32:31","date_gmt":"2025-12-07T20:32:31","guid":{"rendered":"https:\/\/asociatiaoriginalevents.ro\/?page_id=13"},"modified":"2025-12-08T10:38:41","modified_gmt":"2025-12-08T10:38:41","slug":"echipa","status":"publish","type":"page","link":"https:\/\/asociatiaoriginalevents.ro\/?page_id=13","title":{"rendered":"Echip\u0103"},"content":{"rendered":"\n<h2 class=\"wp-block-heading\"><strong>Traian \u0218oimu<\/strong><\/h2>\n\n\n\n<p><em>Coordonator Proiect &amp; Facilitator \u2013 fondator Original Events<\/em><br>Specializat \u00een pedagogie teatral\u0103, facilitare creativ\u0103 \u0219i lucrul cu comunit\u0103\u021bi rurale. Coordoneaz\u0103 procesele artistice \u0219i educa\u021bionale, dezvolt\u0103 metodologii participative \u0219i lucreaz\u0103 direct cu copiii \u0219i profesorii.<\/p>\n\n\n\n<h2 class=\"wp-block-heading\"><strong>Denisa Andreea Nicoleta Lucaciu<\/strong><\/h2>\n\n\n\n<p><em>Co-coordonator &amp; Responsabil comunitate<\/em><br>Construie\u0219te rela\u021biile dintre comunitate, \u0219coal\u0103 \u0219i echipa de proiect. Faciliteaz\u0103 \u00eent\u00e2lniri cu p\u0103rin\u021bii, mobilizeaz\u0103 resurse locale \u0219i coordoneaz\u0103 logistica activit\u0103\u021bilor culturale.<\/p>\n\n\n\n<h2 class=\"wp-block-heading\"><strong>Zoltan Boldizsar<\/strong><\/h2>\n\n\n\n<p><em>Responsabil financiar<\/em><br>Expert contabil, responsabil cu gestionarea corect\u0103, transparent\u0103 \u0219i eficient\u0103 a bugetelor, raport\u0103rile financiare \u0219i conformitatea proiectelor.<\/p>\n\n\n\n<p><\/p>\n\n\n\n<p>\u00cen func\u021bie de proiect, lucr\u0103m \u00eempreun\u0103 cu psihologi, arti\u0219ti, formatori, tehnicieni \u0219i al\u021bi profesioni\u0219ti din zona cultural\u0103 \u0219i social\u0103.<\/p>\n","protected":false},"excerpt":{"rendered":"<p>Traian \u0218oimu Coordonator Proiect &amp; Facilitator \u2013 fondator Original EventsSpecializat \u00een pedagogie teatral\u0103, facilitare creativ\u0103 \u0219i lucrul cu comunit\u0103\u021bi rurale. Coordoneaz\u0103 procesele artistice \u0219i educa\u021bionale, dezvolt\u0103 metodologii participative \u0219i lucreaz\u0103 direct cu copiii \u0219i profesorii. Denisa Andreea Nicoleta Lucaciu Co-coordonator &amp; Responsabil comunitateConstruie\u0219te rela\u021biile dintre comunitate, \u0219coal\u0103 \u0219i echipa de proiect. Faciliteaz\u0103 \u00eent\u00e2lniri cu p\u0103rin\u021bii, [&hellip;]<\/p>\n","protected":false},"author":1,"featured_media":0,"parent":0,"menu_order":0,"comment_status":"closed","ping_status":"closed","template":"","meta":{"footnotes":""},"class_list":["post-13","page","type-page","status-publish","hentry"],"_links":{"self":[{"href":"https:\/\/asociatiaoriginalevents.ro\/index.php?rest_route=\/wp\/v2\/pages\/13","targetHints":{"allow":["GET"]}}],"collection":[{"href":"https:\/\/asociatiaoriginalevents.ro\/index.php?rest_route=\/wp\/v2\/pages"}],"about":[{"href":"https:\/\/asociatiaoriginalevents.ro\/index.php?rest_route=\/wp\/v2\/types\/page"}],"author":[{"embeddable":true,"href":"https:\/\/asociatiaoriginalevents.ro\/index.php?rest_route=\/wp\/v2\/users\/1"}],"replies":[{"embeddable":true,"href":"https:\/\/asociatiaoriginalevents.ro\/index.php?rest_route=%2Fwp%2Fv2%2Fcomments&post=13"}],"version-history":[{"count":4,"href":"https:\/\/asociatiaoriginalevents.ro\/index.php?rest_route=\/wp\/v2\/pages\/13\/revisions"}],"predecessor-version":[{"id":138,"href":"https:\/\/asociatiaoriginalevents.ro\/index.php?rest_route=\/wp\/v2\/pages\/13\/revisions\/138"}],"wp:attachment":[{"href":"https:\/\/asociatiaoriginalevents.ro\/index.php?rest_route=%2Fwp%2Fv2%2Fmedia&parent=13"}],"curies":[{"name":"wp","href":"https:\/\/api.w.org\/{rel}","templated":true}]}}