{"id":19,"date":"2025-12-07T20:35:31","date_gmt":"2025-12-07T20:35:31","guid":{"rendered":"https:\/\/asociatiaoriginalevents.ro\/?page_id=19"},"modified":"2025-12-07T20:35:31","modified_gmt":"2025-12-07T20:35:31","slug":"parteneri","status":"publish","type":"page","link":"https:\/\/asociatiaoriginalevents.ro\/?page_id=19","title":{"rendered":"Parteneri"},"content":{"rendered":"\n<p>Proiectele noastre sunt posibile datorit\u0103 colabor\u0103rii cu institu\u021bii publice, \u0219coli, ONG-uri \u0219i companii culturale.<\/p>\n\n\n\n<p><strong>Institu\u021bii publice<\/strong><br>Colabor\u0103m cu \u0219coli, prim\u0103rii \u0219i institu\u021bii culturale interesate s\u0103 aduc\u0103 aproape de oameni proiecte cu component\u0103 artistic\u0103 \u0219i educa\u021bional\u0103.<\/p>\n\n\n\n<p><strong>ONG-uri \u0219i grupuri civice<\/strong><br>Dezvolt\u0103m parteneriate cu organiza\u021bii din educa\u021bie, cultur\u0103, s\u0103n\u0103tate emo\u021bional\u0103 \u0219i dezvoltare comunitar\u0103.<\/p>\n\n\n\n<p><strong>Arti\u0219ti \u0219i companii culturale<\/strong><br>Lucr\u0103m cu arti\u0219ti independen\u021bi, companii de teatru, muzicieni \u0219i al\u021bi profesioni\u0219ti.<\/p>\n","protected":false},"excerpt":{"rendered":"<p>Proiectele noastre sunt posibile datorit\u0103 colabor\u0103rii cu institu\u021bii publice, \u0219coli, ONG-uri \u0219i companii culturale. Institu\u021bii publiceColabor\u0103m cu \u0219coli, prim\u0103rii \u0219i institu\u021bii culturale interesate s\u0103 aduc\u0103 aproape de oameni proiecte cu component\u0103 artistic\u0103 \u0219i educa\u021bional\u0103. ONG-uri \u0219i grupuri civiceDezvolt\u0103m parteneriate cu organiza\u021bii din educa\u021bie, cultur\u0103, s\u0103n\u0103tate emo\u021bional\u0103 \u0219i dezvoltare comunitar\u0103. Arti\u0219ti \u0219i companii culturaleLucr\u0103m cu arti\u0219ti [&hellip;]<\/p>\n","protected":false},"author":1,"featured_media":0,"parent":0,"menu_order":0,"comment_status":"closed","ping_status":"closed","template":"","meta":{"footnotes":""},"class_list":["post-19","page","type-page","status-publish","hentry"],"_links":{"self":[{"href":"https:\/\/asociatiaoriginalevents.ro\/index.php?rest_route=\/wp\/v2\/pages\/19","targetHints":{"allow":["GET"]}}],"collection":[{"href":"https:\/\/asociatiaoriginalevents.ro\/index.php?rest_route=\/wp\/v2\/pages"}],"about":[{"href":"https:\/\/asociatiaoriginalevents.ro\/index.php?rest_route=\/wp\/v2\/types\/page"}],"author":[{"embeddable":true,"href":"https:\/\/asociatiaoriginalevents.ro\/index.php?rest_route=\/wp\/v2\/users\/1"}],"replies":[{"embeddable":true,"href":"https:\/\/asociatiaoriginalevents.ro\/index.php?rest_route=%2Fwp%2Fv2%2Fcomments&post=19"}],"version-history":[{"count":1,"href":"https:\/\/asociatiaoriginalevents.ro\/index.php?rest_route=\/wp\/v2\/pages\/19\/revisions"}],"predecessor-version":[{"id":20,"href":"https:\/\/asociatiaoriginalevents.ro\/index.php?rest_route=\/wp\/v2\/pages\/19\/revisions\/20"}],"wp:attachment":[{"href":"https:\/\/asociatiaoriginalevents.ro\/index.php?rest_route=%2Fwp%2Fv2%2Fmedia&parent=19"}],"curies":[{"name":"wp","href":"https:\/\/api.w.org\/{rel}","templated":true}]}}