{"id":21,"date":"2025-12-07T20:36:25","date_gmt":"2025-12-07T20:36:25","guid":{"rendered":"https:\/\/asociatiaoriginalevents.ro\/?page_id=21"},"modified":"2025-12-15T13:06:25","modified_gmt":"2025-12-15T13:06:25","slug":"contact","status":"publish","type":"page","link":"https:\/\/asociatiaoriginalevents.ro\/?page_id=21","title":{"rendered":"Contact"},"content":{"rendered":"\n<p>Dac\u0103 vrei s\u0103 colabor\u0103m, s\u0103 aduci un proiect \u00een comunitatea ta sau s\u0103 afli mai multe despre ceea ce facem, scrie-ne c\u00e2teva r\u00e2nduri.<\/p>\n\n\n\n<p><strong>Asocia\u021bia Original Events<\/strong><br>Timi\u0219oara, jud. Timi\u0219<br>E-mail: <a href=\"mailto:contact@asociatiaoriginalevents.ro\">contact@asociatiaoriginalevents.ro<\/a><\/p>\n\n\n\n<p><\/p>\n","protected":false},"excerpt":{"rendered":"<p>Dac\u0103 vrei s\u0103 colabor\u0103m, s\u0103 aduci un proiect \u00een comunitatea ta sau s\u0103 afli mai multe despre ceea ce facem, scrie-ne c\u00e2teva r\u00e2nduri. Asocia\u021bia Original EventsTimi\u0219oara, jud. Timi\u0219E-mail: contact@asociatiaoriginalevents.ro<\/p>\n","protected":false},"author":1,"featured_media":0,"parent":0,"menu_order":0,"comment_status":"closed","ping_status":"closed","template":"","meta":{"footnotes":""},"class_list":["post-21","page","type-page","status-publish","hentry"],"_links":{"self":[{"href":"https:\/\/asociatiaoriginalevents.ro\/index.php?rest_route=\/wp\/v2\/pages\/21","targetHints":{"allow":["GET"]}}],"collection":[{"href":"https:\/\/asociatiaoriginalevents.ro\/index.php?rest_route=\/wp\/v2\/pages"}],"about":[{"href":"https:\/\/asociatiaoriginalevents.ro\/index.php?rest_route=\/wp\/v2\/types\/page"}],"author":[{"embeddable":true,"href":"https:\/\/asociatiaoriginalevents.ro\/index.php?rest_route=\/wp\/v2\/users\/1"}],"replies":[{"embeddable":true,"href":"https:\/\/asociatiaoriginalevents.ro\/index.php?rest_route=%2Fwp%2Fv2%2Fcomments&post=21"}],"version-history":[{"count":4,"href":"https:\/\/asociatiaoriginalevents.ro\/index.php?rest_route=\/wp\/v2\/pages\/21\/revisions"}],"predecessor-version":[{"id":145,"href":"https:\/\/asociatiaoriginalevents.ro\/index.php?rest_route=\/wp\/v2\/pages\/21\/revisions\/145"}],"wp:attachment":[{"href":"https:\/\/asociatiaoriginalevents.ro\/index.php?rest_route=%2Fwp%2Fv2%2Fmedia&parent=21"}],"curies":[{"name":"wp","href":"https:\/\/api.w.org\/{rel}","templated":true}]}}